{"id":599,"date":"2025-04-14T18:04:04","date_gmt":"2025-04-15T00:04:04","guid":{"rendered":"https:\/\/volvex.com.mx\/?page_id=599"},"modified":"2025-04-14T19:14:27","modified_gmt":"2025-04-15T01:14:27","slug":"sgi","status":"publish","type":"page","link":"https:\/\/volvex.com.mx\/index.php\/sgi\/","title":{"rendered":"Pol\u00edtica del Sistema de Gesti\u00f3n"},"content":{"rendered":"<h2 style=\"text-align: center;\"><span style=\"color: #0000ff;\"><strong>Pol\u00edtica Empresarial de Integridad, Sostenibilidad y Calidad<\/strong><\/span><\/h2>\n<p>&nbsp;<\/p>\n<pre style=\"text-align: center;\"><span style=\"color: #000000;\">En VOLVEX S.R.L. de C.V., asumimos un compromiso firme e integral con la integridad, la sostenibilidad y la calidad en todos los aspectos de nuestra operaci\u00f3n. Actuamos con base en principios \u00e9ticos y de transparencia, manteniendo una postura de cero tolerancia frente al soborno y cualquier pr\u00e1ctica corrupta. Nuestra cultura organizacional promueve la conducta responsable y el cumplimiento de la legislaci\u00f3n aplicable, as\u00ed como de los est\u00e1ndares internacionales establecidos por la norma ISO 37001.<\/span>\r\n\r\n<span style=\"color: #000000;\">Como parte de nuestra responsabilidad corporativa y en alineaci\u00f3n con los compromisos derivados del ad\u00e9ndum clim\u00e1tico de las normas ISO, adoptamos la meta de alcanzar cero emisiones netas, integrando criterios de sostenibilidad en nuestras decisiones estrat\u00e9gicas, operaciones y cadena de valor. Nos comprometemos a reducir nuestra huella ambiental mediante pr\u00e1cticas responsables, el uso eficiente de los recursos y la adopci\u00f3n de soluciones tecnol\u00f3gicas sostenibles.<\/span>\r\n\r\n<span style=\"color: #000000;\">\r\nAsimismo, orientamos nuestros esfuerzos hacia la mejora continua de los servicios que ofrecemos, garantizando su calidad, disponibilidad y eficiencia conforme a los requisitos de la norma ISO\/IEC 20000-1. Nuestro enfoque est\u00e1 centrado en la satisfacci\u00f3n del cliente, la prevenci\u00f3n de fallos y la gesti\u00f3n eficaz de los procesos que sustentan nuestros servicios de TI.\r\nEsta pol\u00edtica es parte fundamental de nuestro sistema de gesti\u00f3n, se comunica de forma interna y externa, y es revisada peri\u00f3dicamente para asegurar su vigencia y eficacia, reafirmando nuestro compromiso con una operaci\u00f3n \u00e9tica, sostenible y centrada en la excelencia del servicio.<\/span><\/pre>\n<pre style=\"text-align: center;\"><span style=\"color: #000000;\">\r\nPara alcanzar estos objetivos, la direcci\u00f3n se compromete a revisar y mejorar los controles y procesos del Sistema de Gesti\u00f3n Integral mediante el establecimiento de pol\u00edticas y procedimientos s\u00f3lidos, incluyendo aquellos relacionados con la prevenci\u00f3n del soborno, calidad en los servicios y Cero Emisiones. Se promueve la formaci\u00f3n continua del personal, el uso de canales de denuncia seguros y la evaluaci\u00f3n regular de riesgos para garantizar la implementaci\u00f3n efectiva de nuestro Sistema de Gesti\u00f3n Integral.\r\n\r\nEntrada en vigor, 29 de Nombiembre de 2024\r\n\r\n\r\nDirecci\u00f3n General\r\n\r\n\r\n<\/span><\/pre>\n<p>&nbsp;<\/p>\n","protected":false},"excerpt":{"rendered":"<p>Pol\u00edtica Empresarial de Integridad, Sostenibilidad y Calidad &nbsp; En VOLVEX S.R.L. de C.V., asumimos un compromiso firme e integral con la integridad, la sostenibilidad y la calidad en todos los aspectos de nuestra operaci\u00f3n. Actuamos con base en principios \u00e9ticos y de transparencia, manteniendo una postura de cero tolerancia frente al soborno y cualquier pr\u00e1ctica corrupta. Nuestra cultura organizacional promueve la conducta responsable y el cumplimiento de la legislaci\u00f3n aplicable, as\u00ed como de los est\u00e1ndares internacionales establecidos por la norma ISO 37001. Como parte de nuestra responsabilidad corporativa y en alineaci\u00f3n con los compromisos derivados del ad\u00e9ndum clim\u00e1tico de las<\/p>\n","protected":false},"author":1,"featured_media":0,"parent":0,"menu_order":0,"comment_status":"closed","ping_status":"closed","template":"wp-custom-template-paginas2","meta":{"footnotes":""},"class_list":["post-599","page","type-page","status-publish","hentry"],"yoast_head":"<!-- This site is optimized with the Yoast SEO plugin v24.3 - https:\/\/yoast.com\/wordpress\/plugins\/seo\/ -->\n<title>Pol\u00edtica del Sistema de Gesti\u00f3n - Volvex<\/title>\n<meta name=\"robots\" content=\"index, follow, max-snippet:-1, max-image-preview:large, max-video-preview:-1\" \/>\n<link rel=\"canonical\" href=\"https:\/\/volvex.com.mx\/index.php\/sgi\/\" \/>\n<meta property=\"og:locale\" content=\"es_ES\" \/>\n<meta property=\"og:type\" content=\"article\" \/>\n<meta property=\"og:title\" content=\"Pol\u00edtica del Sistema de Gesti\u00f3n - Volvex\" \/>\n<meta property=\"og:description\" content=\"Pol\u00edtica Empresarial de Integridad, Sostenibilidad y Calidad &nbsp; En VOLVEX S.R.L. de C.V., asumimos un compromiso firme e integral con la integridad, la sostenibilidad y la calidad en todos los aspectos de nuestra operaci\u00f3n. Actuamos con base en principios \u00e9ticos y de transparencia, manteniendo una postura de cero tolerancia frente al soborno y cualquier pr\u00e1ctica corrupta. Nuestra cultura organizacional promueve la conducta responsable y el cumplimiento de la legislaci\u00f3n aplicable, as\u00ed como de los est\u00e1ndares internacionales establecidos por la norma ISO 37001. Como parte de nuestra responsabilidad corporativa y en alineaci\u00f3n con los compromisos derivados del ad\u00e9ndum clim\u00e1tico de las\" \/>\n<meta property=\"og:url\" content=\"https:\/\/volvex.com.mx\/index.php\/sgi\/\" \/>\n<meta property=\"og:site_name\" content=\"Volvex\" \/>\n<meta property=\"article:publisher\" content=\"https:\/\/www.facebook.com\/ToolBoxSopXpress\" \/>\n<meta property=\"article:modified_time\" content=\"2025-04-15T01:14:27+00:00\" \/>\n<meta name=\"twitter:card\" content=\"summary_large_image\" \/>\n<meta name=\"twitter:label1\" content=\"Tiempo de lectura\" \/>\n\t<meta name=\"twitter:data1\" content=\"1 minuto\" \/>\n<script type=\"application\/ld+json\" class=\"yoast-schema-graph\">{\"@context\":\"https:\/\/schema.org\",\"@graph\":[{\"@type\":\"WebPage\",\"@id\":\"https:\/\/volvex.com.mx\/index.php\/sgi\/\",\"url\":\"https:\/\/volvex.com.mx\/index.php\/sgi\/\",\"name\":\"Pol\u00edtica del Sistema de Gesti\u00f3n - Volvex\",\"isPartOf\":{\"@id\":\"https:\/\/volvex.com.mx\/#website\"},\"datePublished\":\"2025-04-15T00:04:04+00:00\",\"dateModified\":\"2025-04-15T01:14:27+00:00\",\"breadcrumb\":{\"@id\":\"https:\/\/volvex.com.mx\/index.php\/sgi\/#breadcrumb\"},\"inLanguage\":\"es\",\"potentialAction\":[{\"@type\":\"ReadAction\",\"target\":[\"https:\/\/volvex.com.mx\/index.php\/sgi\/\"]}]},{\"@type\":\"BreadcrumbList\",\"@id\":\"https:\/\/volvex.com.mx\/index.php\/sgi\/#breadcrumb\",\"itemListElement\":[{\"@type\":\"ListItem\",\"position\":1,\"name\":\"Portada\",\"item\":\"https:\/\/volvex.com.mx\/\"},{\"@type\":\"ListItem\",\"position\":2,\"name\":\"Pol\u00edtica del Sistema de Gesti\u00f3n\"}]},{\"@type\":\"WebSite\",\"@id\":\"https:\/\/volvex.com.mx\/#website\",\"url\":\"https:\/\/volvex.com.mx\/\",\"name\":\"Volvex\",\"description\":\"\u201cCon VOLVEX, las grandes empresas encuentran certeza y seguridad en su cumplimiento ISO y protecci\u00f3n TI. M\u00e1s que consultor\u00eda, ofrecemos confianza para que cada paso evolucione con firmeza.\u201d\",\"publisher\":{\"@id\":\"https:\/\/volvex.com.mx\/#organization\"},\"potentialAction\":[{\"@type\":\"SearchAction\",\"target\":{\"@type\":\"EntryPoint\",\"urlTemplate\":\"https:\/\/volvex.com.mx\/?s={search_term_string}\"},\"query-input\":{\"@type\":\"PropertyValueSpecification\",\"valueRequired\":true,\"valueName\":\"search_term_string\"}}],\"inLanguage\":\"es\"},{\"@type\":\"Organization\",\"@id\":\"https:\/\/volvex.com.mx\/#organization\",\"name\":\"Volvex S de RL de CV\",\"url\":\"https:\/\/volvex.com.mx\/\",\"logo\":{\"@type\":\"ImageObject\",\"inLanguage\":\"es\",\"@id\":\"https:\/\/volvex.com.mx\/#\/schema\/logo\/image\/\",\"url\":\"https:\/\/volvex.com.mx\/wp-content\/uploads\/2024\/03\/Volvex_vectorizado_Blanco.png\",\"contentUrl\":\"https:\/\/volvex.com.mx\/wp-content\/uploads\/2024\/03\/Volvex_vectorizado_Blanco.png\",\"width\":1882,\"height\":474,\"caption\":\"Volvex S de RL de CV\"},\"image\":{\"@id\":\"https:\/\/volvex.com.mx\/#\/schema\/logo\/image\/\"},\"sameAs\":[\"https:\/\/www.facebook.com\/ToolBoxSopXpress\",\"https:\/\/www.linkedin.com\/showcase\/tool-box-sop-xpress\/\"]}]}<\/script>\n<!-- \/ Yoast SEO plugin. -->","yoast_head_json":{"title":"Pol\u00edtica del Sistema de Gesti\u00f3n - Volvex","robots":{"index":"index","follow":"follow","max-snippet":"max-snippet:-1","max-image-preview":"max-image-preview:large","max-video-preview":"max-video-preview:-1"},"canonical":"https:\/\/volvex.com.mx\/index.php\/sgi\/","og_locale":"es_ES","og_type":"article","og_title":"Pol\u00edtica del Sistema de Gesti\u00f3n - Volvex","og_description":"Pol\u00edtica Empresarial de Integridad, Sostenibilidad y Calidad &nbsp; En VOLVEX S.R.L. de C.V., asumimos un compromiso firme e integral con la integridad, la sostenibilidad y la calidad en todos los aspectos de nuestra operaci\u00f3n. Actuamos con base en principios \u00e9ticos y de transparencia, manteniendo una postura de cero tolerancia frente al soborno y cualquier pr\u00e1ctica corrupta. Nuestra cultura organizacional promueve la conducta responsable y el cumplimiento de la legislaci\u00f3n aplicable, as\u00ed como de los est\u00e1ndares internacionales establecidos por la norma ISO 37001. Como parte de nuestra responsabilidad corporativa y en alineaci\u00f3n con los compromisos derivados del ad\u00e9ndum clim\u00e1tico de las","og_url":"https:\/\/volvex.com.mx\/index.php\/sgi\/","og_site_name":"Volvex","article_publisher":"https:\/\/www.facebook.com\/ToolBoxSopXpress","article_modified_time":"2025-04-15T01:14:27+00:00","twitter_card":"summary_large_image","twitter_misc":{"Tiempo de lectura":"1 minuto"},"schema":{"@context":"https:\/\/schema.org","@graph":[{"@type":"WebPage","@id":"https:\/\/volvex.com.mx\/index.php\/sgi\/","url":"https:\/\/volvex.com.mx\/index.php\/sgi\/","name":"Pol\u00edtica del Sistema de Gesti\u00f3n - Volvex","isPartOf":{"@id":"https:\/\/volvex.com.mx\/#website"},"datePublished":"2025-04-15T00:04:04+00:00","dateModified":"2025-04-15T01:14:27+00:00","breadcrumb":{"@id":"https:\/\/volvex.com.mx\/index.php\/sgi\/#breadcrumb"},"inLanguage":"es","potentialAction":[{"@type":"ReadAction","target":["https:\/\/volvex.com.mx\/index.php\/sgi\/"]}]},{"@type":"BreadcrumbList","@id":"https:\/\/volvex.com.mx\/index.php\/sgi\/#breadcrumb","itemListElement":[{"@type":"ListItem","position":1,"name":"Portada","item":"https:\/\/volvex.com.mx\/"},{"@type":"ListItem","position":2,"name":"Pol\u00edtica del Sistema de Gesti\u00f3n"}]},{"@type":"WebSite","@id":"https:\/\/volvex.com.mx\/#website","url":"https:\/\/volvex.com.mx\/","name":"Volvex","description":"\u201cCon VOLVEX, las grandes empresas encuentran certeza y seguridad en su cumplimiento ISO y protecci\u00f3n TI. M\u00e1s que consultor\u00eda, ofrecemos confianza para que cada paso evolucione con firmeza.\u201d","publisher":{"@id":"https:\/\/volvex.com.mx\/#organization"},"potentialAction":[{"@type":"SearchAction","target":{"@type":"EntryPoint","urlTemplate":"https:\/\/volvex.com.mx\/?s={search_term_string}"},"query-input":{"@type":"PropertyValueSpecification","valueRequired":true,"valueName":"search_term_string"}}],"inLanguage":"es"},{"@type":"Organization","@id":"https:\/\/volvex.com.mx\/#organization","name":"Volvex S de RL de CV","url":"https:\/\/volvex.com.mx\/","logo":{"@type":"ImageObject","inLanguage":"es","@id":"https:\/\/volvex.com.mx\/#\/schema\/logo\/image\/","url":"https:\/\/volvex.com.mx\/wp-content\/uploads\/2024\/03\/Volvex_vectorizado_Blanco.png","contentUrl":"https:\/\/volvex.com.mx\/wp-content\/uploads\/2024\/03\/Volvex_vectorizado_Blanco.png","width":1882,"height":474,"caption":"Volvex S de RL de CV"},"image":{"@id":"https:\/\/volvex.com.mx\/#\/schema\/logo\/image\/"},"sameAs":["https:\/\/www.facebook.com\/ToolBoxSopXpress","https:\/\/www.linkedin.com\/showcase\/tool-box-sop-xpress\/"]}]}},"jetpack_sharing_enabled":true,"_links":{"self":[{"href":"https:\/\/volvex.com.mx\/index.php\/wp-json\/wp\/v2\/pages\/599","targetHints":{"allow":["GET"]}}],"collection":[{"href":"https:\/\/volvex.com.mx\/index.php\/wp-json\/wp\/v2\/pages"}],"about":[{"href":"https:\/\/volvex.com.mx\/index.php\/wp-json\/wp\/v2\/types\/page"}],"author":[{"embeddable":true,"href":"https:\/\/volvex.com.mx\/index.php\/wp-json\/wp\/v2\/users\/1"}],"replies":[{"embeddable":true,"href":"https:\/\/volvex.com.mx\/index.php\/wp-json\/wp\/v2\/comments?post=599"}],"version-history":[{"count":13,"href":"https:\/\/volvex.com.mx\/index.php\/wp-json\/wp\/v2\/pages\/599\/revisions"}],"predecessor-version":[{"id":625,"href":"https:\/\/volvex.com.mx\/index.php\/wp-json\/wp\/v2\/pages\/599\/revisions\/625"}],"wp:attachment":[{"href":"https:\/\/volvex.com.mx\/index.php\/wp-json\/wp\/v2\/media?parent=599"}],"curies":[{"name":"wp","href":"https:\/\/api.w.org\/{rel}","templated":true}]}}