{"id":320,"date":"2024-05-15T02:18:03","date_gmt":"2024-05-15T02:18:03","guid":{"rendered":"https:\/\/volvex.com.mx\/QUA\/?page_id=320"},"modified":"2024-05-15T20:49:36","modified_gmt":"2024-05-15T20:49:36","slug":"tool-box","status":"publish","type":"page","link":"https:\/\/volvex.com.mx\/index.php\/servicios\/tool-box\/","title":{"rendered":"Tool BOX"},"content":{"rendered":"<p><img loading=\"lazy\" decoding=\"async\" class=\"alignnone size-medium wp-image-260 aligncenter\" src=\"https:\/\/volvex.com.mx\/wp-content\/uploads\/2024\/04\/TB-METAL-300x81.png\" alt=\"\" width=\"300\" height=\"81\" srcset=\"https:\/\/volvex.com.mx\/wp-content\/uploads\/2024\/04\/TB-METAL-300x81.png 300w, https:\/\/volvex.com.mx\/wp-content\/uploads\/2024\/04\/TB-METAL-1024x277.png 1024w, https:\/\/volvex.com.mx\/wp-content\/uploads\/2024\/04\/TB-METAL-768x208.png 768w, https:\/\/volvex.com.mx\/wp-content\/uploads\/2024\/04\/TB-METAL.png 1310w\" sizes=\"auto, (max-width: 300px) 100vw, 300px\" \/><\/p>\n<div class=\"wpforms-container wpforms-container-full wpforms-render-modern\" id=\"wpforms-80\"><form id=\"wpforms-form-80\" class=\"wpforms-validate wpforms-form wpforms-ajax-form\" data-formid=\"80\" method=\"post\" enctype=\"multipart\/form-data\" action=\"\/index.php\/wp-json\/wp\/v2\/pages\/320\" data-token=\"860ead3ff2b4ed923ddcecc23e2a8cad\" data-token-time=\"1777713115\"><noscript class=\"wpforms-error-noscript\">Por favor, activa JavaScript en tu navegador para completar este formulario.<\/noscript><div class=\"wpforms-hidden\" id=\"wpforms-error-noscript\">Por favor, activa JavaScript en tu navegador para completar este formulario.<\/div><div class=\"wpforms-field-container\"><div id=\"wpforms-80-field_0-container\" class=\"wpforms-field wpforms-field-name\" data-field-id=\"0\"><fieldset><legend class=\"wpforms-field-label\">Name <span class=\"wpforms-required-label\" aria-hidden=\"true\">*<\/span><\/legend><div class=\"wpforms-field-row wpforms-field-medium\"><div class=\"wpforms-field-row-block wpforms-first wpforms-one-half\"><input type=\"text\" id=\"wpforms-80-field_0\" class=\"wpforms-field-name-first wpforms-field-required\" name=\"wpforms[fields][0][first]\" aria-errormessage=\"wpforms-80-field_0-error\" required><label for=\"wpforms-80-field_0\" class=\"wpforms-field-sublabel after\">Nombre<\/label><\/div><div class=\"wpforms-field-row-block wpforms-one-half\"><input type=\"text\" id=\"wpforms-80-field_0-last\" class=\"wpforms-field-name-last wpforms-field-required\" name=\"wpforms[fields][0][last]\" aria-errormessage=\"wpforms-80-field_0-last-error\" required><label for=\"wpforms-80-field_0-last\" class=\"wpforms-field-sublabel after\">Apellidos<\/label><\/div><\/div><\/fieldset><\/div><div id=\"wpforms-80-field_1-container\" class=\"wpforms-field wpforms-field-email\" data-field-id=\"1\"><label class=\"wpforms-field-label\" for=\"wpforms-80-field_1\">Email <span class=\"wpforms-required-label\" aria-hidden=\"true\">*<\/span><\/label><input type=\"email\" id=\"wpforms-80-field_1\" class=\"wpforms-field-medium wpforms-field-required\" name=\"wpforms[fields][1]\" spellcheck=\"false\" aria-errormessage=\"wpforms-80-field_1-error\" required><\/div><div id=\"wpforms-80-field_3-container\" class=\"wpforms-field wpforms-field-text\" data-field-id=\"3\"><label class=\"wpforms-field-label\" for=\"wpforms-80-field_3\">Telefono<\/label><input type=\"text\" id=\"wpforms-80-field_3\" class=\"wpforms-field-medium\" name=\"wpforms[fields][3]\" aria-errormessage=\"wpforms-80-field_3-error\" ><\/div><div id=\"wpforms-80-field_2-container\" class=\"wpforms-field wpforms-field-textarea\" data-field-id=\"2\"><label class=\"wpforms-field-label\" for=\"wpforms-80-field_2\">Comment or Message<\/label><textarea id=\"wpforms-80-field_2\" class=\"wpforms-field-medium\" name=\"wpforms[fields][2]\" aria-errormessage=\"wpforms-80-field_2-error\" ><\/textarea><\/div><\/div><!-- .wpforms-field-container --><div class=\"wpforms-submit-container\" ><input type=\"hidden\" name=\"wpforms[id]\" value=\"80\"><input type=\"hidden\" name=\"page_title\" value=\"\"><input type=\"hidden\" name=\"page_url\" value=\"https:\/\/volvex.com.mx\/index.php\/wp-json\/wp\/v2\/pages\/320\"><button type=\"submit\" name=\"wpforms[submit]\" id=\"wpforms-submit-80\" class=\"wpforms-submit\" data-alt-text=\"Sending...\" data-submit-text=\"Submit\" aria-live=\"assertive\" value=\"wpforms-submit\">Submit<\/button><img loading=\"lazy\" decoding=\"async\" src=\"https:\/\/volvex.com.mx\/wp-content\/plugins\/wpforms-lite\/assets\/images\/submit-spin.svg\" class=\"wpforms-submit-spinner\" style=\"display: none;\" width=\"26\" height=\"26\" alt=\"Cargando\"><\/div><\/form><\/div>  <!-- .wpforms-container -->\n","protected":false},"excerpt":{"rendered":"","protected":false},"author":1,"featured_media":260,"parent":27,"menu_order":0,"comment_status":"closed","ping_status":"closed","template":"","meta":{"footnotes":""},"class_list":["post-320","page","type-page","status-publish","has-post-thumbnail","hentry"],"yoast_head":"<!-- This site is optimized with the Yoast SEO plugin v24.3 - https:\/\/yoast.com\/wordpress\/plugins\/seo\/ -->\n<title>Tool BOX - Volvex<\/title>\n<meta name=\"robots\" content=\"index, follow, max-snippet:-1, max-image-preview:large, max-video-preview:-1\" \/>\n<link rel=\"canonical\" href=\"https:\/\/volvex.com.mx\/index.php\/servicios\/tool-box\/\" \/>\n<meta property=\"og:locale\" content=\"es_ES\" \/>\n<meta property=\"og:type\" content=\"article\" \/>\n<meta property=\"og:title\" content=\"Tool BOX - Volvex\" \/>\n<meta property=\"og:url\" content=\"https:\/\/volvex.com.mx\/index.php\/servicios\/tool-box\/\" \/>\n<meta property=\"og:site_name\" content=\"Volvex\" \/>\n<meta property=\"article:publisher\" content=\"https:\/\/www.facebook.com\/ToolBoxSopXpress\" \/>\n<meta property=\"article:modified_time\" content=\"2024-05-15T20:49:36+00:00\" \/>\n<meta property=\"og:image\" content=\"https:\/\/volvex.com.mx\/wp-content\/uploads\/2024\/04\/TB-METAL.png\" \/>\n\t<meta property=\"og:image:width\" content=\"1310\" \/>\n\t<meta property=\"og:image:height\" content=\"354\" \/>\n\t<meta property=\"og:image:type\" content=\"image\/png\" \/>\n<meta name=\"twitter:card\" content=\"summary_large_image\" \/>\n<meta name=\"twitter:label1\" content=\"Tiempo de lectura\" \/>\n\t<meta name=\"twitter:data1\" content=\"1 minuto\" \/>\n<script type=\"application\/ld+json\" class=\"yoast-schema-graph\">{\"@context\":\"https:\/\/schema.org\",\"@graph\":[{\"@type\":\"WebPage\",\"@id\":\"https:\/\/volvex.com.mx\/index.php\/servicios\/tool-box\/\",\"url\":\"https:\/\/volvex.com.mx\/index.php\/servicios\/tool-box\/\",\"name\":\"Tool BOX - Volvex\",\"isPartOf\":{\"@id\":\"https:\/\/volvex.com.mx\/#website\"},\"primaryImageOfPage\":{\"@id\":\"https:\/\/volvex.com.mx\/index.php\/servicios\/tool-box\/#primaryimage\"},\"image\":{\"@id\":\"https:\/\/volvex.com.mx\/index.php\/servicios\/tool-box\/#primaryimage\"},\"thumbnailUrl\":\"https:\/\/volvex.com.mx\/wp-content\/uploads\/2024\/04\/TB-METAL.png\",\"datePublished\":\"2024-05-15T02:18:03+00:00\",\"dateModified\":\"2024-05-15T20:49:36+00:00\",\"breadcrumb\":{\"@id\":\"https:\/\/volvex.com.mx\/index.php\/servicios\/tool-box\/#breadcrumb\"},\"inLanguage\":\"es\",\"potentialAction\":[{\"@type\":\"ReadAction\",\"target\":[\"https:\/\/volvex.com.mx\/index.php\/servicios\/tool-box\/\"]}]},{\"@type\":\"ImageObject\",\"inLanguage\":\"es\",\"@id\":\"https:\/\/volvex.com.mx\/index.php\/servicios\/tool-box\/#primaryimage\",\"url\":\"https:\/\/volvex.com.mx\/wp-content\/uploads\/2024\/04\/TB-METAL.png\",\"contentUrl\":\"https:\/\/volvex.com.mx\/wp-content\/uploads\/2024\/04\/TB-METAL.png\",\"width\":1310,\"height\":354},{\"@type\":\"BreadcrumbList\",\"@id\":\"https:\/\/volvex.com.mx\/index.php\/servicios\/tool-box\/#breadcrumb\",\"itemListElement\":[{\"@type\":\"ListItem\",\"position\":1,\"name\":\"Portada\",\"item\":\"https:\/\/volvex.com.mx\/\"},{\"@type\":\"ListItem\",\"position\":2,\"name\":\"Servicios\",\"item\":\"https:\/\/volvex.com.mx\/index.php\/servicios\/\"},{\"@type\":\"ListItem\",\"position\":3,\"name\":\"Tool BOX\"}]},{\"@type\":\"WebSite\",\"@id\":\"https:\/\/volvex.com.mx\/#website\",\"url\":\"https:\/\/volvex.com.mx\/\",\"name\":\"Volvex\",\"description\":\"\u201cCon VOLVEX, las grandes empresas encuentran certeza y seguridad en su cumplimiento ISO y protecci\u00f3n TI. M\u00e1s que consultor\u00eda, ofrecemos confianza para que cada paso evolucione con firmeza.\u201d\",\"publisher\":{\"@id\":\"https:\/\/volvex.com.mx\/#organization\"},\"potentialAction\":[{\"@type\":\"SearchAction\",\"target\":{\"@type\":\"EntryPoint\",\"urlTemplate\":\"https:\/\/volvex.com.mx\/?s={search_term_string}\"},\"query-input\":{\"@type\":\"PropertyValueSpecification\",\"valueRequired\":true,\"valueName\":\"search_term_string\"}}],\"inLanguage\":\"es\"},{\"@type\":\"Organization\",\"@id\":\"https:\/\/volvex.com.mx\/#organization\",\"name\":\"Volvex S de RL de CV\",\"url\":\"https:\/\/volvex.com.mx\/\",\"logo\":{\"@type\":\"ImageObject\",\"inLanguage\":\"es\",\"@id\":\"https:\/\/volvex.com.mx\/#\/schema\/logo\/image\/\",\"url\":\"https:\/\/volvex.com.mx\/wp-content\/uploads\/2024\/03\/Volvex_vectorizado_Blanco.png\",\"contentUrl\":\"https:\/\/volvex.com.mx\/wp-content\/uploads\/2024\/03\/Volvex_vectorizado_Blanco.png\",\"width\":1882,\"height\":474,\"caption\":\"Volvex S de RL de CV\"},\"image\":{\"@id\":\"https:\/\/volvex.com.mx\/#\/schema\/logo\/image\/\"},\"sameAs\":[\"https:\/\/www.facebook.com\/ToolBoxSopXpress\",\"https:\/\/www.linkedin.com\/showcase\/tool-box-sop-xpress\/\"]}]}<\/script>\n<!-- \/ Yoast SEO plugin. -->","yoast_head_json":{"title":"Tool BOX - Volvex","robots":{"index":"index","follow":"follow","max-snippet":"max-snippet:-1","max-image-preview":"max-image-preview:large","max-video-preview":"max-video-preview:-1"},"canonical":"https:\/\/volvex.com.mx\/index.php\/servicios\/tool-box\/","og_locale":"es_ES","og_type":"article","og_title":"Tool BOX - Volvex","og_url":"https:\/\/volvex.com.mx\/index.php\/servicios\/tool-box\/","og_site_name":"Volvex","article_publisher":"https:\/\/www.facebook.com\/ToolBoxSopXpress","article_modified_time":"2024-05-15T20:49:36+00:00","og_image":[{"width":1310,"height":354,"url":"https:\/\/volvex.com.mx\/wp-content\/uploads\/2024\/04\/TB-METAL.png","type":"image\/png"}],"twitter_card":"summary_large_image","twitter_misc":{"Tiempo de lectura":"1 minuto"},"schema":{"@context":"https:\/\/schema.org","@graph":[{"@type":"WebPage","@id":"https:\/\/volvex.com.mx\/index.php\/servicios\/tool-box\/","url":"https:\/\/volvex.com.mx\/index.php\/servicios\/tool-box\/","name":"Tool BOX - Volvex","isPartOf":{"@id":"https:\/\/volvex.com.mx\/#website"},"primaryImageOfPage":{"@id":"https:\/\/volvex.com.mx\/index.php\/servicios\/tool-box\/#primaryimage"},"image":{"@id":"https:\/\/volvex.com.mx\/index.php\/servicios\/tool-box\/#primaryimage"},"thumbnailUrl":"https:\/\/volvex.com.mx\/wp-content\/uploads\/2024\/04\/TB-METAL.png","datePublished":"2024-05-15T02:18:03+00:00","dateModified":"2024-05-15T20:49:36+00:00","breadcrumb":{"@id":"https:\/\/volvex.com.mx\/index.php\/servicios\/tool-box\/#breadcrumb"},"inLanguage":"es","potentialAction":[{"@type":"ReadAction","target":["https:\/\/volvex.com.mx\/index.php\/servicios\/tool-box\/"]}]},{"@type":"ImageObject","inLanguage":"es","@id":"https:\/\/volvex.com.mx\/index.php\/servicios\/tool-box\/#primaryimage","url":"https:\/\/volvex.com.mx\/wp-content\/uploads\/2024\/04\/TB-METAL.png","contentUrl":"https:\/\/volvex.com.mx\/wp-content\/uploads\/2024\/04\/TB-METAL.png","width":1310,"height":354},{"@type":"BreadcrumbList","@id":"https:\/\/volvex.com.mx\/index.php\/servicios\/tool-box\/#breadcrumb","itemListElement":[{"@type":"ListItem","position":1,"name":"Portada","item":"https:\/\/volvex.com.mx\/"},{"@type":"ListItem","position":2,"name":"Servicios","item":"https:\/\/volvex.com.mx\/index.php\/servicios\/"},{"@type":"ListItem","position":3,"name":"Tool BOX"}]},{"@type":"WebSite","@id":"https:\/\/volvex.com.mx\/#website","url":"https:\/\/volvex.com.mx\/","name":"Volvex","description":"\u201cCon VOLVEX, las grandes empresas encuentran certeza y seguridad en su cumplimiento ISO y protecci\u00f3n TI. M\u00e1s que consultor\u00eda, ofrecemos confianza para que cada paso evolucione con firmeza.\u201d","publisher":{"@id":"https:\/\/volvex.com.mx\/#organization"},"potentialAction":[{"@type":"SearchAction","target":{"@type":"EntryPoint","urlTemplate":"https:\/\/volvex.com.mx\/?s={search_term_string}"},"query-input":{"@type":"PropertyValueSpecification","valueRequired":true,"valueName":"search_term_string"}}],"inLanguage":"es"},{"@type":"Organization","@id":"https:\/\/volvex.com.mx\/#organization","name":"Volvex S de RL de CV","url":"https:\/\/volvex.com.mx\/","logo":{"@type":"ImageObject","inLanguage":"es","@id":"https:\/\/volvex.com.mx\/#\/schema\/logo\/image\/","url":"https:\/\/volvex.com.mx\/wp-content\/uploads\/2024\/03\/Volvex_vectorizado_Blanco.png","contentUrl":"https:\/\/volvex.com.mx\/wp-content\/uploads\/2024\/03\/Volvex_vectorizado_Blanco.png","width":1882,"height":474,"caption":"Volvex S de RL de CV"},"image":{"@id":"https:\/\/volvex.com.mx\/#\/schema\/logo\/image\/"},"sameAs":["https:\/\/www.facebook.com\/ToolBoxSopXpress","https:\/\/www.linkedin.com\/showcase\/tool-box-sop-xpress\/"]}]}},"jetpack_sharing_enabled":true,"_links":{"self":[{"href":"https:\/\/volvex.com.mx\/index.php\/wp-json\/wp\/v2\/pages\/320","targetHints":{"allow":["GET"]}}],"collection":[{"href":"https:\/\/volvex.com.mx\/index.php\/wp-json\/wp\/v2\/pages"}],"about":[{"href":"https:\/\/volvex.com.mx\/index.php\/wp-json\/wp\/v2\/types\/page"}],"author":[{"embeddable":true,"href":"https:\/\/volvex.com.mx\/index.php\/wp-json\/wp\/v2\/users\/1"}],"replies":[{"embeddable":true,"href":"https:\/\/volvex.com.mx\/index.php\/wp-json\/wp\/v2\/comments?post=320"}],"version-history":[{"count":3,"href":"https:\/\/volvex.com.mx\/index.php\/wp-json\/wp\/v2\/pages\/320\/revisions"}],"predecessor-version":[{"id":343,"href":"https:\/\/volvex.com.mx\/index.php\/wp-json\/wp\/v2\/pages\/320\/revisions\/343"}],"up":[{"embeddable":true,"href":"https:\/\/volvex.com.mx\/index.php\/wp-json\/wp\/v2\/pages\/27"}],"wp:featuredmedia":[{"embeddable":true,"href":"https:\/\/volvex.com.mx\/index.php\/wp-json\/wp\/v2\/media\/260"}],"wp:attachment":[{"href":"https:\/\/volvex.com.mx\/index.php\/wp-json\/wp\/v2\/media?parent=320"}],"curies":[{"name":"wp","href":"https:\/\/api.w.org\/{rel}","templated":true}]}}