{"id":24,"date":"2024-03-08T21:48:39","date_gmt":"2024-03-08T21:48:39","guid":{"rendered":"https:\/\/volvex.com.mx\/QA\/?page_id=24"},"modified":"2024-03-08T21:48:39","modified_gmt":"2024-03-08T21:48:39","slug":"home","status":"publish","type":"page","link":"https:\/\/volvex.com.mx\/QUA\/","title":{"rendered":"Home"},"content":{"rendered":"<p>Estamos comprometidos a ofrecer ayuda y apoyo a aquellos que buscan crecer y evolucionar. Ya sea proporcionando recursos educativos, orientaci\u00f3n profesional, siempre brindado por expertos, estamos aqu\u00ed para proporcionar las herramientas y lograr esa trasformaci\u00f3n de tu empresa<\/p>\n","protected":false},"excerpt":{"rendered":"<p>Estamos comprometidos a ofrecer ayuda y apoyo a aquellos que buscan crecer y evolucionar. Ya sea proporcionando recursos educativos, orientaci\u00f3n profesional, siempre brindado por expertos, estamos aqu\u00ed para proporcionar las herramientas y lograr esa trasformaci\u00f3n de tu empresa<\/p>\n","protected":false},"author":1,"featured_media":0,"parent":0,"menu_order":0,"comment_status":"closed","ping_status":"closed","template":"","meta":{"footnotes":""},"class_list":["post-24","page","type-page","status-publish","hentry"],"yoast_head":"<!-- This site is optimized with the Yoast SEO plugin v24.3 - https:\/\/yoast.com\/wordpress\/plugins\/seo\/ -->\n<title>Home - Volvex<\/title>\n<meta name=\"robots\" content=\"index, follow, max-snippet:-1, max-image-preview:large, max-video-preview:-1\" \/>\n<link rel=\"canonical\" href=\"https:\/\/volvex.com.mx\/QUA\/\" \/>\n<meta property=\"og:locale\" content=\"es_ES\" \/>\n<meta property=\"og:type\" content=\"article\" \/>\n<meta property=\"og:title\" content=\"Home - Volvex\" \/>\n<meta property=\"og:description\" content=\"Estamos comprometidos a ofrecer ayuda y apoyo a aquellos que buscan crecer y evolucionar. Ya sea proporcionando recursos educativos, orientaci\u00f3n profesional, siempre brindado por expertos, estamos aqu\u00ed para proporcionar las herramientas y lograr esa trasformaci\u00f3n de tu empresa\" \/>\n<meta property=\"og:url\" content=\"https:\/\/volvex.com.mx\/QUA\/\" \/>\n<meta property=\"og:site_name\" content=\"Volvex\" \/>\n<meta property=\"article:publisher\" content=\"https:\/\/www.facebook.com\/ToolBoxSopXpress\" \/>\n<meta name=\"twitter:card\" content=\"summary_large_image\" \/>\n<script type=\"application\/ld+json\" class=\"yoast-schema-graph\">{\"@context\":\"https:\/\/schema.org\",\"@graph\":[{\"@type\":\"WebPage\",\"@id\":\"https:\/\/volvex.com.mx\/QUA\/\",\"url\":\"https:\/\/volvex.com.mx\/QUA\/\",\"name\":\"Home - Volvex\",\"isPartOf\":{\"@id\":\"https:\/\/volvex.com.mx\/QUA\/#website\"},\"datePublished\":\"2024-03-08T21:48:39+00:00\",\"dateModified\":\"2024-03-08T21:48:39+00:00\",\"breadcrumb\":{\"@id\":\"https:\/\/volvex.com.mx\/QUA\/#breadcrumb\"},\"inLanguage\":\"es\",\"potentialAction\":[{\"@type\":\"ReadAction\",\"target\":[\"https:\/\/volvex.com.mx\/QUA\/\"]}]},{\"@type\":\"BreadcrumbList\",\"@id\":\"https:\/\/volvex.com.mx\/QUA\/#breadcrumb\",\"itemListElement\":[{\"@type\":\"ListItem\",\"position\":1,\"name\":\"Portada\",\"item\":\"https:\/\/volvex.com.mx\/QUA\/\"},{\"@type\":\"ListItem\",\"position\":2,\"name\":\"Home\"}]},{\"@type\":\"WebSite\",\"@id\":\"https:\/\/volvex.com.mx\/QUA\/#website\",\"url\":\"https:\/\/volvex.com.mx\/QUA\/\",\"name\":\"Volvex\",\"description\":\"\",\"publisher\":{\"@id\":\"https:\/\/volvex.com.mx\/QUA\/#organization\"},\"potentialAction\":[{\"@type\":\"SearchAction\",\"target\":{\"@type\":\"EntryPoint\",\"urlTemplate\":\"https:\/\/volvex.com.mx\/QUA\/?s={search_term_string}\"},\"query-input\":{\"@type\":\"PropertyValueSpecification\",\"valueRequired\":true,\"valueName\":\"search_term_string\"}}],\"inLanguage\":\"es\"},{\"@type\":\"Organization\",\"@id\":\"https:\/\/volvex.com.mx\/QUA\/#organization\",\"name\":\"Volvex S de RL de CV\",\"url\":\"https:\/\/volvex.com.mx\/QUA\/\",\"logo\":{\"@type\":\"ImageObject\",\"inLanguage\":\"es\",\"@id\":\"https:\/\/volvex.com.mx\/QUA\/#\/schema\/logo\/image\/\",\"url\":\"https:\/\/volvex.com.mx\/QUA\/wp-content\/uploads\/2024\/03\/Volvex_vectorizado_Blanco.png\",\"contentUrl\":\"https:\/\/volvex.com.mx\/QUA\/wp-content\/uploads\/2024\/03\/Volvex_vectorizado_Blanco.png\",\"width\":1882,\"height\":474,\"caption\":\"Volvex S de RL de CV\"},\"image\":{\"@id\":\"https:\/\/volvex.com.mx\/QUA\/#\/schema\/logo\/image\/\"},\"sameAs\":[\"https:\/\/www.facebook.com\/ToolBoxSopXpress\",\"https:\/\/www.linkedin.com\/showcase\/tool-box-sop-xpress\/\"]}]}<\/script>\n<!-- \/ Yoast SEO plugin. -->","yoast_head_json":{"title":"Home - Volvex","robots":{"index":"index","follow":"follow","max-snippet":"max-snippet:-1","max-image-preview":"max-image-preview:large","max-video-preview":"max-video-preview:-1"},"canonical":"https:\/\/volvex.com.mx\/QUA\/","og_locale":"es_ES","og_type":"article","og_title":"Home - Volvex","og_description":"Estamos comprometidos a ofrecer ayuda y apoyo a aquellos que buscan crecer y evolucionar. Ya sea proporcionando recursos educativos, orientaci\u00f3n profesional, siempre brindado por expertos, estamos aqu\u00ed para proporcionar las herramientas y lograr esa trasformaci\u00f3n de tu empresa","og_url":"https:\/\/volvex.com.mx\/QUA\/","og_site_name":"Volvex","article_publisher":"https:\/\/www.facebook.com\/ToolBoxSopXpress","twitter_card":"summary_large_image","schema":{"@context":"https:\/\/schema.org","@graph":[{"@type":"WebPage","@id":"https:\/\/volvex.com.mx\/QUA\/","url":"https:\/\/volvex.com.mx\/QUA\/","name":"Home - Volvex","isPartOf":{"@id":"https:\/\/volvex.com.mx\/QUA\/#website"},"datePublished":"2024-03-08T21:48:39+00:00","dateModified":"2024-03-08T21:48:39+00:00","breadcrumb":{"@id":"https:\/\/volvex.com.mx\/QUA\/#breadcrumb"},"inLanguage":"es","potentialAction":[{"@type":"ReadAction","target":["https:\/\/volvex.com.mx\/QUA\/"]}]},{"@type":"BreadcrumbList","@id":"https:\/\/volvex.com.mx\/QUA\/#breadcrumb","itemListElement":[{"@type":"ListItem","position":1,"name":"Portada","item":"https:\/\/volvex.com.mx\/QUA\/"},{"@type":"ListItem","position":2,"name":"Home"}]},{"@type":"WebSite","@id":"https:\/\/volvex.com.mx\/QUA\/#website","url":"https:\/\/volvex.com.mx\/QUA\/","name":"Volvex","description":"","publisher":{"@id":"https:\/\/volvex.com.mx\/QUA\/#organization"},"potentialAction":[{"@type":"SearchAction","target":{"@type":"EntryPoint","urlTemplate":"https:\/\/volvex.com.mx\/QUA\/?s={search_term_string}"},"query-input":{"@type":"PropertyValueSpecification","valueRequired":true,"valueName":"search_term_string"}}],"inLanguage":"es"},{"@type":"Organization","@id":"https:\/\/volvex.com.mx\/QUA\/#organization","name":"Volvex S de RL de CV","url":"https:\/\/volvex.com.mx\/QUA\/","logo":{"@type":"ImageObject","inLanguage":"es","@id":"https:\/\/volvex.com.mx\/QUA\/#\/schema\/logo\/image\/","url":"https:\/\/volvex.com.mx\/QUA\/wp-content\/uploads\/2024\/03\/Volvex_vectorizado_Blanco.png","contentUrl":"https:\/\/volvex.com.mx\/QUA\/wp-content\/uploads\/2024\/03\/Volvex_vectorizado_Blanco.png","width":1882,"height":474,"caption":"Volvex S de RL de CV"},"image":{"@id":"https:\/\/volvex.com.mx\/QUA\/#\/schema\/logo\/image\/"},"sameAs":["https:\/\/www.facebook.com\/ToolBoxSopXpress","https:\/\/www.linkedin.com\/showcase\/tool-box-sop-xpress\/"]}]}},"jetpack_sharing_enabled":true,"_links":{"self":[{"href":"https:\/\/volvex.com.mx\/QUA\/index.php\/wp-json\/wp\/v2\/pages\/24","targetHints":{"allow":["GET"]}}],"collection":[{"href":"https:\/\/volvex.com.mx\/QUA\/index.php\/wp-json\/wp\/v2\/pages"}],"about":[{"href":"https:\/\/volvex.com.mx\/QUA\/index.php\/wp-json\/wp\/v2\/types\/page"}],"author":[{"embeddable":true,"href":"https:\/\/volvex.com.mx\/QUA\/index.php\/wp-json\/wp\/v2\/users\/1"}],"replies":[{"embeddable":true,"href":"https:\/\/volvex.com.mx\/QUA\/index.php\/wp-json\/wp\/v2\/comments?post=24"}],"version-history":[{"count":1,"href":"https:\/\/volvex.com.mx\/QUA\/index.php\/wp-json\/wp\/v2\/pages\/24\/revisions"}],"predecessor-version":[{"id":25,"href":"https:\/\/volvex.com.mx\/QUA\/index.php\/wp-json\/wp\/v2\/pages\/24\/revisions\/25"}],"wp:attachment":[{"href":"https:\/\/volvex.com.mx\/QUA\/index.php\/wp-json\/wp\/v2\/media?parent=24"}],"curies":[{"name":"wp","href":"https:\/\/api.w.org\/{rel}","templated":true}]}}